{"id":149,"date":"2024-06-28T12:11:43","date_gmt":"2024-06-28T12:11:43","guid":{"rendered":"https:\/\/dygita.com\/?page_id=149"},"modified":"2025-08-07T20:56:08","modified_gmt":"2025-08-07T20:56:08","slug":"management-des-activites-culturelles-et-artistiques","status":"publish","type":"page","link":"https:\/\/dygita.com\/?page_id=149","title":{"rendered":"Management digital des Activit\u00e9s Culturelles et Artistiques musicaux."},"content":{"rendered":"\n<div class=\"wp-block-group alignfull has-background is-layout-constrained wp-container-core-group-is-layout-e6f1036d wp-block-group-is-layout-constrained\" style=\"background-color:#fffffe;margin-top:0;margin-bottom:0;padding-top:0;padding-right:0;padding-bottom:0;padding-left:0\"><link rel=\"stylesheet\" href=\"https:\/\/fonts.googleapis.com\/css2?family=Public Sans:wght@400;500;600;700;800\" \/>\n<div class=\"wp-block-group has-text-color has-link-color wp-elements-403090a31c3d954b7164664ad1ca554a is-layout-constrained wp-container-core-group-is-layout-5d5fdd4b wp-block-group-is-layout-constrained\" style=\"color:#090b10;margin-top:var(--wp--preset--spacing--40);margin-bottom:var(--wp--preset--spacing--40);padding-top:80px;padding-right:16px;padding-bottom:80px;padding-left:16px;font-size:14px; font-family: Public Sans !important;\" style=\"color:#090b10;margin-top:var(--wp--preset--spacing--40);margin-bottom:var(--wp--preset--spacing--40);padding-top:80px;padding-right:16px;padding-bottom:80px;padding-left:16px;font-size:14px\">\n<div class=\"wp-block-columns is-layout-flex wp-container-core-columns-is-layout-f449a47e wp-block-columns-is-layout-flex\">\n<div class=\"wp-block-column is-vertically-aligned-center is-layout-flow wp-container-core-column-is-layout-8a368f38 wp-block-column-is-layout-flow\">\n<p class=\"has-text-color has-link-color wp-elements-9f86a3a28921d076d78760ebd86886c2\" style=\"color:#01ae8f;font-size:14px;line-height:1.2;text-transform:uppercase\">pr\u00e9sentation<\/p>\n\n\n\n<h5 class=\"wp-block-heading\">Management digital des Activit\u00e9s Culturelles et Artistiques musicaux.<\/h5>\n\n\n\n<div style=\"height:10px\" aria-hidden=\"true\" class=\"wp-block-spacer\"><\/div>\n\n\n\n<div style=\"height:4px\" aria-hidden=\"true\" class=\"wp-block-spacer\"><\/div>\n\n\n\n<div style=\"height:22px\" aria-hidden=\"true\" class=\"wp-block-spacer\"><\/div>\n\n\n\n<div style=\"height:27px\" aria-hidden=\"true\" class=\"wp-block-spacer\"><\/div>\n\n\n\n<!DOCTYPE html>\n<html lang=\"fr\">\n<head>\n  <meta charset=\"UTF-8\" \/>\n  <title>Services Dygita<\/title>\n  <link\n    href=\"https:\/\/cdnjs.cloudflare.com\/ajax\/libs\/font-awesome\/6.5.0\/css\/all.min.css\"\n    rel=\"stylesheet\"\n  \/>\n  <style>\n    body {\n      font-family: Arial, sans-serif;\n      background: #f5f5f5;\n      padding: 2em 1em;\n      color: #34495e;\n      margin: 0;\n    }\n    .container {\n      max-width: 900px;\n      margin: 0 auto;\n      padding: 0 1em;\n    }\n    h1 {\n      font-size: 1.8em;\n      color: #2c3e50;\n      margin-bottom: 1.5em;\n      display: flex;\n      align-items: center;\n      flex-wrap: wrap;\n    }\n    h1 i {\n      margin-right: 0.5em;\n      color: #2980b9;\n      flex-shrink: 0;\n    }\n    .intro {\n      background: #fff;\n      border-radius: 8px;\n      padding: 1.2em;\n      margin-bottom: 2em;\n      box-shadow: 0 2px 4px rgba(0, 0, 0, 0.1);\n      display: flex;\n      align-items: center;\n      font-size: 1.1em;\n      flex-wrap: wrap;\n    }\n    .intro i {\n      font-size: 2.5em;\n      color: #2980b9;\n      margin-right: 1em;\n      flex-shrink: 0;\n      margin-bottom: 0.5em;\n    }\n    .intro div {\n      flex: 1 1 200px;\n      min-width: 0;\n    }\n    .service {\n      background: #fff;\n      border-radius: 8px;\n      padding: 1.2em;\n      margin-bottom: 1em;\n      box-shadow: 0 2px 4px rgba(0, 0, 0, 0.1);\n      display: flex;\n      align-items: flex-start;\n      flex-wrap: wrap;\n    }\n    .service i {\n      font-size: 1.6em;\n      color: #2980b9;\n      margin-right: 1em;\n      margin-top: 0.2em;\n      min-width: 24px;\n      text-align: center;\n      flex-shrink: 0;\n    }\n    .service div {\n      flex: 1 1 150px;\n      min-width: 0;\n    }\n    strong {\n      color: #34495e;\n    }\n\n    \/* Responsive tweaks *\/\n    @media (max-width: 600px) {\n      body {\n        padding: 1em;\n      }\n      h1 {\n        font-size: 1.4em;\n        margin-bottom: 1em;\n      }\n      .intro {\n        font-size: 1em;\n        padding: 1em;\n      }\n      .intro i {\n        font-size: 2em;\n        margin-right: 0.7em;\n      }\n      .service {\n        padding: 1em;\n      }\n      .service i {\n        font-size: 1.4em;\n        margin-right: 0.7em;\n      }\n      .service div {\n        font-size: 0.95em;\n      }\n    }\n  <\/style>\n<\/head>\n<body>\n  <div class=\"container\">\n    <div class=\"intro\">\n      <i class=\"fas fa-users-cog\"><\/i>\n      <div>\n        <p><strong>Dygita<\/strong> accompagne les artistes et institutions culturelles dans leur gestion num\u00e9rique.<\/p>\n        <p>Nous proposons des solutions sur mesure pour optimiser la visibilit\u00e9, l\u2019engagement et la gestion de projets.<\/p>\n      <\/div>\n    <\/div>\n\n    <h1><i class=\"fas fa-layer-group\"><\/i> Services num\u00e9riques destin\u00e9s aux institutions culturelles et aux organisateurs d\u2019\u00e9v\u00e9nements<\/h1>\n\n    <div class=\"service\">\n      <i class=\"fas fa-desktop\"><\/i>\n      <div>\n        <strong>Site complet d\u00e9di\u00e9 \u00e0 votre \u00e9v\u00e9nement<\/strong><br \/>\n        Cr\u00e9ation d\u2019un site web sur mesure pour pr\u00e9senter votre \u00e9v\u00e9nement, avec la possibilit\u00e9 d\u2019ajouter facilement de futurs \u00e9v\u00e9nements et actualit\u00e9s.\n      <\/div>\n    <\/div>\n\n    <div class=\"service\">\n      <i class=\"fas fa-image\"><\/i>\n      <div>\n        <strong>Kit visuel digital<\/strong><br \/>\n        Cr\u00e9ation de flyers, visuels pour les r\u00e9seaux sociaux et publications web.\n      <\/div>\n    <\/div>\n\n    <div class=\"service\">\n      <i class=\"fas fa-tv\"><\/i>\n      <div>\n        <strong>Animations pour \u00e9crans<\/strong><br \/>\n        S\u00e9quences anim\u00e9es pour diffuser logos, messages et visuels sur les \u00e9crans de votre \u00e9v\u00e9nement.\n      <\/div>\n    <\/div>\n\n    <div class=\"service\">\n      <i class=\"fas fa-ticket-alt\"><\/i>\n      <div>\n        <strong>Formulaire ou billetterie en ligne<\/strong><br \/>\n        Gestion simple des inscriptions ou r\u00e9servations via formulaire ou module de billetterie.\n      <\/div>\n    <\/div>\n\n    <div class=\"service\">\n      <i class=\"fas fa-calendar-alt\"><\/i>\n      <div>\n        <strong>Planning de diffusion digitale<\/strong><br \/>\n        Organisation des publications sur les r\u00e9seaux sociaux tout au long de la campagne de communication.\n      <\/div>\n    <\/div>\n\n    <h1><i class=\"fas fa-music\"><\/i> Services num\u00e9riques destin\u00e9s aux artistes musicaux<\/h1>\n\n    <div class=\"service\">\n      <i class=\"fas fa-user-tie\"><\/i>\n      <div>\n        <strong>Management et accompagnement<\/strong><br \/>\n        Suivi personnalis\u00e9 pour la r\u00e9alisation et la gestion globale de votre projet musical.\n      <\/div>\n    <\/div>\n\n    <div class=\"service\">\n      <i class=\"fas fa-users\"><\/i>\n      <div>\n        <strong>Mise en place d\u2019\u00e9quipe<\/strong><br \/>\n        Coordination avec producteurs, techniciens et partenaires audiovisuels.\n      <\/div>\n    <\/div>\n\n    <div class=\"service\">\n      <i class=\"fas fa-video\"><\/i>\n      <div>\n        <strong>Production de clips musicaux<\/strong><br \/>\n        R\u00e9alisation professionnelle en partenariat avec des experts de l\u2019audiovisuel.\n      <\/div>\n    <\/div>\n\n    <div class=\"service\">\n      <i class=\"fas fa-briefcase\"><\/i>\n      <div>\n        <strong>Gestion logistique<\/strong><br \/>\n        Accompagnement manager pour d\u00e9placements, h\u00e9bergement et organisation.\n      <\/div>\n    <\/div>\n\n    <div class=\"service\">\n      <i class=\"fas fa-stream\"><\/i>\n      <div>\n        <strong>Planification de diffusion<\/strong><br \/>\n        Organisation pour la diffusion sur plateformes streaming (YouTube, Spotify, etc.).\n      <\/div>\n    <\/div>\n\n    <div class=\"service\">\n      <i class=\"fas fa-bullhorn\"><\/i>\n      <div>\n        <strong>Campagnes promotionnelles<\/strong><br \/>\n        Gestion professionnelle de la communication autour de votre projet musical.\n      <\/div>\n    <\/div>\n\n    \n      <div>\n        \n      <\/div>\n    <\/div>\n  <\/div>\n<\/body>\n<\/html>\n\n\n\n<p><\/p>\n\n\n\n<p><\/p>\n\n\n\n<p><\/p>\n\n\n\n<p><\/p>\n<\/div>\n<\/div>\n<\/div>\n<\/div>\n","protected":false},"excerpt":{"rendered":"<p>pr\u00e9sentation Management digital des Activit\u00e9s Culturelles et Artistiques musicaux. Services Dygita Dygita accompagne les artistes et institutions culturelles dans leur gestion num\u00e9rique. Nous proposons des solutions sur mesure pour&#8230;<\/p>\n","protected":false},"author":1,"featured_media":0,"parent":0,"menu_order":0,"comment_status":"closed","ping_status":"closed","template":"page-full-width","meta":{"footnotes":""},"class_list":["post-149","page","type-page","status-publish","hentry"],"_links":{"self":[{"href":"https:\/\/dygita.com\/index.php?rest_route=\/wp\/v2\/pages\/149","targetHints":{"allow":["GET"]}}],"collection":[{"href":"https:\/\/dygita.com\/index.php?rest_route=\/wp\/v2\/pages"}],"about":[{"href":"https:\/\/dygita.com\/index.php?rest_route=\/wp\/v2\/types\/page"}],"author":[{"embeddable":true,"href":"https:\/\/dygita.com\/index.php?rest_route=\/wp\/v2\/users\/1"}],"replies":[{"embeddable":true,"href":"https:\/\/dygita.com\/index.php?rest_route=%2Fwp%2Fv2%2Fcomments&post=149"}],"version-history":[{"count":31,"href":"https:\/\/dygita.com\/index.php?rest_route=\/wp\/v2\/pages\/149\/revisions"}],"predecessor-version":[{"id":545,"href":"https:\/\/dygita.com\/index.php?rest_route=\/wp\/v2\/pages\/149\/revisions\/545"}],"wp:attachment":[{"href":"https:\/\/dygita.com\/index.php?rest_route=%2Fwp%2Fv2%2Fmedia&parent=149"}],"curies":[{"name":"wp","href":"https:\/\/api.w.org\/{rel}","templated":true}]}}