{"id":66,"date":"2024-05-25T13:04:48","date_gmt":"2024-05-25T13:04:48","guid":{"rendered":"https:\/\/dygita.com\/terms-and-conditions\/"},"modified":"2024-05-27T23:43:40","modified_gmt":"2024-05-27T23:43:40","slug":"terms-and-conditions","status":"publish","type":"page","link":"https:\/\/dygita.com\/?page_id=66","title":{"rendered":"Terms and Conditions"},"content":{"rendered":"\n<!-- This legal document was generated by Complianz Terms &amp; Conditions https:\/\/wordpress.org\/plugins\/complianz-terms-conditions -->\n<div id=\"cmplz-document\" class=\"cmplz-document cmplz-terms-conditions \"><p><i><font style=\"vertical-align: inherit;\"><font style=\"vertical-align: inherit;\">Les conditions g\u00e9n\u00e9rales ont \u00e9t\u00e9 mises \u00e0 jour pour la derni\u00e8re fois le 25 mai 2024.<\/font><\/font><\/i><\/p><h2><font style=\"vertical-align: inherit;\"><font style=\"vertical-align: inherit;\">1. Introduction<\/font><\/font><\/h2><p><font style=\"vertical-align: inherit;\"><font style=\"vertical-align: inherit;\">Ces termes et conditions s&rsquo;appliquent \u00e0 ce site Web et aux transactions li\u00e9es \u00e0 nos produits et services. Vous pouvez \u00eatre li\u00e9 par des contrats suppl\u00e9mentaires li\u00e9s \u00e0 votre relation avec nous ou \u00e0 tout produit ou service que vous recevez de notre part. Si des dispositions des contrats suppl\u00e9mentaires entrent en conflit avec des dispositions des pr\u00e9sentes Conditions, les dispositions de ces contrats suppl\u00e9mentaires pr\u00e9vaudront et pr\u00e9vaudront.<\/font><\/font><\/p><h2><font style=\"vertical-align: inherit;\"><font style=\"vertical-align: inherit;\">2. Communication \u00e9lectronique<\/font><\/font><\/h2><p><font style=\"vertical-align: inherit;\"><font style=\"vertical-align: inherit;\">En utilisant ce site Web ou en communiquant avec nous par des moyens \u00e9lectroniques, vous acceptez et reconnaissez que nous pouvons communiquer avec vous par voie \u00e9lectronique sur notre site Web ou en vous envoyant un courrier \u00e9lectronique, et vous acceptez que tous les accords, avis, divulgations et autres communications que nous vous fournir par voie \u00e9lectronique satisfaire \u00e0 toute exigence l\u00e9gale, y compris, mais sans s&rsquo;y limiter, l&rsquo;exigence selon laquelle ces communications doivent \u00eatre \u00e9crites.<\/font><\/font><\/p><h2><font style=\"vertical-align: inherit;\"><font style=\"vertical-align: inherit;\">3. Propri\u00e9t\u00e9 intellectuelle<\/font><\/font><\/h2><p><font style=\"vertical-align: inherit;\"><font style=\"vertical-align: inherit;\">Nous ou nos conc\u00e9dants de licence poss\u00e9dons et contr\u00f4lons tous les droits d&rsquo;auteur et autres droits de propri\u00e9t\u00e9 intellectuelle sur le site Web ainsi que les donn\u00e9es, informations et autres ressources affich\u00e9es ou accessibles sur le site Web.<\/font><\/font><\/p><p class=\"cmplz-subtitle\"><font style=\"vertical-align: inherit;\"><font style=\"vertical-align: inherit;\">3.1 Tous les droits sont r\u00e9serv\u00e9s<\/font><\/font><\/p><p><font style=\"vertical-align: inherit;\"><font style=\"vertical-align: inherit;\">Sauf indication contraire d&rsquo;un contenu sp\u00e9cifique, vous ne b\u00e9n\u00e9ficiez pas d&rsquo;une licence ou de tout autre droit en vertu du droit d&rsquo;auteur, de la marque, du brevet ou d&rsquo;autres droits de propri\u00e9t\u00e9 intellectuelle. Cela signifie que vous n&rsquo;utiliserez, copierez, reproduire, ex\u00e9cuter, afficher, distribuer, int\u00e9grer sur un support \u00e9lectronique, modifier, proc\u00e9der \u00e0 une ing\u00e9nierie inverse, d\u00e9compiler, transf\u00e9rer, t\u00e9l\u00e9charger, transmettre, mon\u00e9tiser, vendre, commercialiser ou commercialiser aucune ressource de ce site Web. sous quelque forme que ce soit, sans notre autorisation \u00e9crite pr\u00e9alable, sauf et seulement dans la mesure o\u00f9 stipul\u00e9 autrement des r\u00e9glementations imp\u00e9ratives (telles que le droit de citer).<\/font><\/font><\/p><h2><br><\/h2><h2><font style=\"vertical-align: inherit;\"><font style=\"vertical-align: inherit;\">4. Utilisation responsable<\/font><\/font><\/h2><p><font style=\"vertical-align: inherit;\"><font style=\"vertical-align: inherit;\">En visitant notre site Web, vous acceptez de l&rsquo;utiliser uniquement aux fins pr\u00e9vues et autoris\u00e9es par les pr\u00e9sentes Conditions, tout contrat suppl\u00e9mentaire avec nous, ainsi que les lois, r\u00e9glementations et pratiques en ligne g\u00e9n\u00e9ralement accept\u00e9es et directives de l&rsquo;industrie. Vous ne devez pas utiliser notre site Web ou nos services pour utiliser, publier ou distribuer tout mat\u00e9riel constitu\u00e9 de (ou li\u00e9 \u00e0) un logiciel informatique malveillant&nbsp;; utiliser les donn\u00e9es collect\u00e9es sur notre site Web pour toute activit\u00e9 de marketing direct, ou mener des activit\u00e9s de collecte de donn\u00e9es syst\u00e9matiques ou automatis\u00e9es sur ou en relation avec notre site Web.<\/font><\/font><\/p><p><font style=\"vertical-align: inherit;\"><font style=\"vertical-align: inherit;\">Il est strictement interdit de se livrer \u00e0 toute activit\u00e9 qui cause ou pourrait causer des dommages au site Web ou qui interf\u00e8re avec les performances, la disponibilit\u00e9 ou l&rsquo;accessibilit\u00e9 du site Web.<\/font><\/font><\/p><h2><font style=\"vertical-align: inherit;\"><font style=\"vertical-align: inherit;\">5. Soumission d&rsquo;id\u00e9es<\/font><\/font><\/h2><p><font style=\"vertical-align: inherit;\"><font style=\"vertical-align: inherit;\">Ne soumettez aucune id\u00e9e, invention, \u0153uvre d&rsquo;auteur ou autre information pouvant \u00eatre consid\u00e9r\u00e9e comme votre propre propri\u00e9t\u00e9 intellectuelle et que vous souhaiteriez nous pr\u00e9senter, \u00e0 moins que nous ayons au pr\u00e9alable sign\u00e9 un accord concernant la propri\u00e9t\u00e9 intellectuelle ou un accord de non-divulgation. Si vous nous le divulguez sans un tel accord \u00e9crit, vous nous accordez une licence mondiale, irr\u00e9vocable, non exclusive et libre de droits pour utiliser, reproduire, stocker, adapter, publier, traduire et distribuer votre contenu sur tout m\u00e9dia existant ou futur. .<\/font><\/font><\/p><h2><font style=\"vertical-align: inherit;\"><font style=\"vertical-align: inherit;\">6. Affectation<\/font><\/font><\/h2><p><font style=\"vertical-align: inherit;\"><font style=\"vertical-align: inherit;\">Vous ne pouvez pas c\u00e9der, transf\u00e9rer ou sous-traiter aucun de vos droits et\/ou obligations en vertu des pr\u00e9sentes Conditions g\u00e9n\u00e9rales, en tout ou en partie, \u00e0 un tiers sans notre consentement \u00e9crit pr\u00e9alable. Toute pr\u00e9tendue cession en violation de cette section sera nulle et non avenue.<\/font><\/font><\/p><h2><font style=\"vertical-align: inherit;\"><font style=\"vertical-align: inherit;\">7. Violations des pr\u00e9sentes conditions g\u00e9n\u00e9rales<\/font><\/font><\/h2><p><font style=\"vertical-align: inherit;\"><font style=\"vertical-align: inherit;\">Sans pr\u00e9judice de nos autres droits en vertu des pr\u00e9sentes Conditions g\u00e9n\u00e9rales, si vous violez les pr\u00e9sentes Conditions g\u00e9n\u00e9rales de quelque mani\u00e8re que ce soit, nous pouvons prendre les mesures que nous jugeons appropri\u00e9es pour rem\u00e9dier \u00e0 la violation, y compris suspendre temporairement ou d\u00e9finitivement votre acc\u00e8s au site Web, contacter votre fournisseur d\u2019acc\u00e8s Internet pour lui demander de bloquer votre acc\u00e8s au site Web et\/ou d\u2019engager une action en justice contre vous.<\/font><\/font><\/p><h2><font style=\"vertical-align: inherit;\"><font style=\"vertical-align: inherit;\">8. Indemnisation<\/font><\/font><\/h2><p><font style=\"vertical-align: inherit;\"><font style=\"vertical-align: inherit;\">Vous acceptez de nous indemniser, de nous d\u00e9fendre et de nous tenir indemnes de toute r\u00e9clamation, responsabilit\u00e9, dommage, perte et d\u00e9pense, li\u00e9s \u00e0 votre violation des pr\u00e9sentes conditions g\u00e9n\u00e9rales et des lois applicables, y compris les droits de propri\u00e9t\u00e9 intellectuelle et les droits \u00e0 la vie priv\u00e9e. Vous nous rembourserez rapidement nos dommages, pertes, co\u00fbts et d\u00e9penses li\u00e9s \u00e0 ou d\u00e9coulant de ces r\u00e9clamations.<\/font><\/font><\/p><h2><font style=\"vertical-align: inherit;\"><font style=\"vertical-align: inherit;\">9. Langue<\/font><\/font><\/h2><p><font style=\"vertical-align: inherit;\"><font style=\"vertical-align: inherit;\">Ces termes et conditions seront interpr\u00e9t\u00e9s et interpr\u00e9t\u00e9s exclusivement en fran\u00e7ais. Tous les avis et correspondances seront r\u00e9dig\u00e9s exclusivement dans cette langue.<\/font><\/font><\/p><h2><font style=\"vertical-align: inherit;\"><font style=\"vertical-align: inherit;\">10. Int\u00e9gralit\u00e9 de l&rsquo;accord<\/font><\/font><\/h2><p><font style=\"vertical-align: inherit;\"><font style=\"vertical-align: inherit;\">Ces conditions g\u00e9n\u00e9rales, ainsi que notre <\/font><\/font><a href=\"\"><font style=\"vertical-align: inherit;\"><font style=\"vertical-align: inherit;\">d\u00e9claration de confidentialit\u00e9<\/font><\/font><\/a><font style=\"vertical-align: inherit;\"><font style=\"vertical-align: inherit;\"> et notre <\/font><\/font><a href=\"#\"><font style=\"vertical-align: inherit;\"><font style=\"vertical-align: inherit;\">politique en mati\u00e8re de cookies<\/font><\/font><\/a><font style=\"vertical-align: inherit;\"><font style=\"vertical-align: inherit;\"> , constituent l&rsquo;int\u00e9gralit\u00e9 de l&rsquo;accord entre vous et EURL NINAGAMING concernant votre utilisation de ce site Web.<\/font><\/font><\/p><h2><font style=\"vertical-align: inherit;\"><font style=\"vertical-align: inherit;\">11. Mise \u00e0 jour des pr\u00e9sentes Conditions G\u00e9n\u00e9rales<\/font><\/font><\/h2><p><font style=\"vertical-align: inherit;\"><font style=\"vertical-align: inherit;\">Nous pouvons mettre \u00e0 jour ces termes et conditions de temps \u00e0 autre. Il est de votre obligation de v\u00e9rifier p\u00e9riodiquement ces termes et conditions pour les modifications ou mises \u00e0 jour. La date indiqu\u00e9e au d\u00e9but des pr\u00e9sentes Conditions g\u00e9n\u00e9rales est la derni\u00e8re date de r\u00e9vision. Les modifications apport\u00e9es \u00e0 ces termes et conditions entreront en vigueur d\u00e8s que ces modifications seront publi\u00e9es sur ce site Web. Votre utilisation continue de ce site Web apr\u00e8s la publication de modifications ou de mises \u00e0 jour sera consid\u00e9r\u00e9e comme un avis de votre acceptation de respecter et d&rsquo;\u00eatre li\u00e9 par ces termes et conditions.<\/font><\/font><\/p><h2><font style=\"vertical-align: inherit;\"><font style=\"vertical-align: inherit;\">12. Coordonn\u00e9es<\/font><\/font><\/h2><p><font style=\"vertical-align: inherit;\"><font style=\"vertical-align: inherit;\">Ce site Web est d\u00e9tenu et exploit\u00e9 par EURL NINAGAMING.<\/font><\/font><\/p><p>Num\u00e9ro d&rsquo;immatriculation : 20B1015702<\/p><p>Date d&rsquo;immatriculation : 20\/07\/2020<\/p><p>Date de modification : 20\/07\/2020<\/p><p>Raison sociale\/nom commercial :Nina gaming<\/p><p>NIS (Num\u00e9ro d&rsquo;Identification Statistique) : 002016490137056<\/p><p>Nationalit\u00e9 : Algerienne(001)<\/p><p>Forme juridique : Entreprise unipersonnelle a respons.limitee<\/p><p>R\u00e9gime juridique : Secteur prive<\/p><p><font style=\"vertical-align: inherit;\"><font style=\"vertical-align: inherit;\">Capital : 1 00 000,00 DA<\/font><\/font><\/p><p><font style=\"vertical-align: inherit;\"><font style=\"vertical-align: inherit;\">Vous pouvez nous contacter concernant les pr\u00e9sentes Conditions G\u00e9n\u00e9rales en nous \u00e9crivant ou en nous envoyant un e-mail \u00e0 l&rsquo;adresse suivante : Contact@dygita.com<\/font><\/font><br><br><\/p><h2><font style=\"vertical-align: inherit;\"><font style=\"vertical-align: inherit;\">13. T\u00e9l\u00e9charger<\/font><\/font><\/h2><p><font style=\"vertical-align: inherit;\"><font style=\"vertical-align: inherit;\">Vous pouvez \u00e9galement <\/font><\/font><a href=\"https:\/\/dygita.com\/wp-content\/plugins\/complianz-terms-conditions\/download.php\"><font style=\"vertical-align: inherit;\"><font style=\"vertical-align: inherit;\">t\u00e9l\u00e9charger<\/font><\/font><\/a><font style=\"vertical-align: inherit;\"><font style=\"vertical-align: inherit;\"> nos conditions g\u00e9n\u00e9rales au format PDF.<\/font><\/font><\/p><\/div>\n\n\n<div class=\"wp-block-group has-background is-layout-constrained wp-container-core-group-is-layout-e6f1036d wp-block-group-is-layout-constrained\" style=\"background-color:#f7f6ff;margin-top:0;margin-bottom:0;padding-top:0;padding-right:0;padding-bottom:0;padding-left:0\"><\/div>\n","protected":false},"excerpt":{"rendered":"","protected":false},"author":1,"featured_media":0,"parent":0,"menu_order":0,"comment_status":"closed","ping_status":"closed","template":"page-full-width","meta":{"footnotes":""},"class_list":["post-66","page","type-page","status-publish","hentry"],"_links":{"self":[{"href":"https:\/\/dygita.com\/index.php?rest_route=\/wp\/v2\/pages\/66","targetHints":{"allow":["GET"]}}],"collection":[{"href":"https:\/\/dygita.com\/index.php?rest_route=\/wp\/v2\/pages"}],"about":[{"href":"https:\/\/dygita.com\/index.php?rest_route=\/wp\/v2\/types\/page"}],"author":[{"embeddable":true,"href":"https:\/\/dygita.com\/index.php?rest_route=\/wp\/v2\/users\/1"}],"replies":[{"embeddable":true,"href":"https:\/\/dygita.com\/index.php?rest_route=%2Fwp%2Fv2%2Fcomments&post=66"}],"version-history":[{"count":6,"href":"https:\/\/dygita.com\/index.php?rest_route=\/wp\/v2\/pages\/66\/revisions"}],"predecessor-version":[{"id":117,"href":"https:\/\/dygita.com\/index.php?rest_route=\/wp\/v2\/pages\/66\/revisions\/117"}],"wp:attachment":[{"href":"https:\/\/dygita.com\/index.php?rest_route=%2Fwp%2Fv2%2Fmedia&parent=66"}],"curies":[{"name":"wp","href":"https:\/\/api.w.org\/{rel}","templated":true}]}}